{"id":98,"date":"2014-12-04T10:36:02","date_gmt":"2014-12-04T09:36:02","guid":{"rendered":"http:\/\/labvehiculos.umh.es\/?page_id=98"},"modified":"2025-09-22T13:03:48","modified_gmt":"2025-09-22T11:03:48","slug":"reglamentacion-aplicable","status":"publish","type":"page","link":"https:\/\/labvehiculos.umh.es\/en\/reglamentacion-aplicable\/","title":{"rendered":"Applicable regulations"},"content":{"rendered":"<p>In the following links you can consult other regulations:<\/p>\n<ul>\n<li><span style=\"color: #0000ff\"><a style=\"color: #0000ff\" title=\"Agencia Estatal Bolent\u00edn Oficial del Estado\" href=\"http:\/\/www.boe.es\" target=\"_blank\" rel=\"noopener\">Agencia Estatal Bolet\u00edn Oficial del Estado<\/a><\/span><\/li>\n<li><span style=\"color: #0000ff\"><a style=\"color: #0000ff\" title=\"El acceso al Derecho de la Uni\u00f3n Europea\" href=\"http:\/\/eur-lex.europa.eu\" target=\"_blank\" rel=\"noopener\">El acceso al Derecho de la Uni\u00f3n Europea<\/a><\/span><\/li>\n<li><span style=\"color: #0000ff\"><a style=\"color: #0000ff\" title=\"La Comisi\u00f3n Econ\u00f3mica para Europa de las Naciones Unidas - Reglamentaci\u00f3n en Veh\u00edculos\" href=\"https:\/\/unece.org\/transport\/vehicle-regulations\" target=\"_blank\" rel=\"noopener\">La Comisi\u00f3n Econ\u00f3mica para Europa de las Naciones Unidas &#8211; Reglamentaci\u00f3n en Veh\u00edculos<\/a><\/span><\/li>\n<li><span style=\"color: #0000ff\"><a style=\"color: #0000ff\" href=\"https:\/\/www.aeca-itv.com\/publicaciones\/\">Asociaci\u00f3n Espa\u00f1ola de Entidades Colaboradoras de la Administraci\u00f3n en la Inspecci\u00f3n T\u00e9cnica de Veh\u00edculos<\/a><\/span><\/li>\n<\/ul>\n<p>*<i>This text has<\/i><i> been translated using a machine translation engine<\/i>.<\/p>","protected":false},"excerpt":{"rendered":"<p>In the following links you can consult other regulations:<\/p>\n<p>Agencia Estatal Bolet\u00edn Oficial del Estado<br \/>\nEl acceso al Derecho de la Uni\u00f3n Europea<br \/>\nLa Comisi\u00f3n Econ\u00f3mica para Europa de las Naciones Unidas &#8211; Reglamentaci\u00f3n en Veh\u00edculos<br \/>\nAsociaci\u00f3n Espa\u00f1ola de Entidades Colaboradoras de la Administraci\u00f3n en la Inspecci\u00f3n T\u00e9cnica de Veh\u00edculos<\/p>\n<p>*This text has been translated using a machine translation engine.<\/p>\n","protected":false},"author":3112,"featured_media":0,"parent":0,"menu_order":4,"comment_status":"closed","ping_status":"closed","template":"","meta":{"_links_to":"","_links_to_target":""},"_links":{"self":[{"href":"https:\/\/labvehiculos.umh.es\/en\/wp-json\/wp\/v2\/pages\/98"}],"collection":[{"href":"https:\/\/labvehiculos.umh.es\/en\/wp-json\/wp\/v2\/pages"}],"about":[{"href":"https:\/\/labvehiculos.umh.es\/en\/wp-json\/wp\/v2\/types\/page"}],"author":[{"embeddable":true,"href":"https:\/\/labvehiculos.umh.es\/en\/wp-json\/wp\/v2\/users\/3112"}],"replies":[{"embeddable":true,"href":"https:\/\/labvehiculos.umh.es\/en\/wp-json\/wp\/v2\/comments?post=98"}],"version-history":[{"count":0,"href":"https:\/\/labvehiculos.umh.es\/en\/wp-json\/wp\/v2\/pages\/98\/revisions"}],"wp:attachment":[{"href":"https:\/\/labvehiculos.umh.es\/en\/wp-json\/wp\/v2\/media?parent=98"}],"curies":[{"name":"wp","href":"https:\/\/api.w.org\/{rel}","templated":true}]}}