{"id":28,"date":"2017-06-20T10:20:56","date_gmt":"2017-06-20T08:20:56","guid":{"rendered":"http:\/\/labvehiculos.umh.es\/?page_id=28"},"modified":"2025-12-17T16:58:52","modified_gmt":"2025-12-17T15:58:52","slug":"contacto-2","status":"publish","type":"page","link":"https:\/\/labvehiculos.umh.es\/ca\/contacto-2\/","title":{"rendered":"Contacte i ubicaci\u00f3"},"content":{"rendered":"<p><\/p>\n<h3 align=\"\"><strong>LOCALITZACI\u00d3<\/strong><\/h3>\n<p>&nbsp;<\/p>\n<p><a href=\"https:\/\/labvehiculos.umh.es\/files\/2013\/11\/fachada.jpg\"><img loading=\"lazy\" class=\"size-medium wp-image-63 alignright\" src=\"https:\/\/labvehiculos.umh.es\/files\/2013\/11\/fachada-300x167.jpg\" alt=\"fachada\" width=\"405\" height=\"225\" \/><\/a><\/p>\n<p style=\"text-align: left\" align=\"center\">Departament d&#8217;Enginyeria Mec\u00e0nica i Energia. \u00c0rea d&#8217;Enginyeria Mec\u00e0nica<\/p>\n<p style=\"text-align: left\" align=\"center\">Avda. de la Universidad, s\/n. Elx 03202 (Alicante)<\/p>\n<p>Oficines: Edifici Innova<\/p>\n<p>Laboratori d&#8217;Assajos: Edifici Torreblanca<\/p>\n<p>&nbsp;<\/p>\n<h3 align=\"\"><strong>CONTACTE<\/strong><\/h3>\n<p>&nbsp;<\/p>\n<p>Tel\u00e8fon: +34 96 522 24 94 \/ +34 96 522 21 90<\/p>\n<p>Email: lab.vehiculos@umh.es<\/p>\n<p>&nbsp;<\/p>\n<h3><span style=\"color: #333333\"><strong>DIRECTORI<\/strong><\/span><\/h3>\n<p>&nbsp;<\/p>\n<p style=\"text-align: left\"><span style=\"text-decoration: underline\"><strong>Recepci\u00f3 i Administraci\u00f3<\/strong><\/span><\/p>\n<p style=\"text-align: left\">Alicia Menargues S\u00e1nchez: <a href=\"mailto:alicia.menargues@umh.es\">alicia.menargues@umh.es<\/a><\/p>\n<p style=\"text-align: left\"><strong><span style=\"text-decoration: underline\">Director del Laboratori i Director T\u00e8cnic Secci\u00f3 Vehicles Hist\u00f2rics<\/span><\/strong><\/p>\n<p style=\"text-align: left\">Emilio Velasco S\u00e1nchez:\u00a0<a class=\"mail-link\" href=\"mailto:emilio.velasco@umh.es\" data-enc-email=\"rzvyvb.irynfpb[at]hzu.rf\" data-wpel-link=\"ignore\"><span id=\"eeb-433668-95058\">emilio.velasco@umh.es<\/span><\/a><\/p>\n<p style=\"text-align: left\"><span style=\"text-decoration: underline\"><strong>Director T\u00e8cnic Secci\u00f3 Assage de Pneum\u00e0tics<\/strong><\/span><\/p>\n<p>Oscar Cuadrado Sempere: <a href=\"mailto:ocuadrado@umh.es\">ocuadrado@umh.es<\/a><\/p>\n<p style=\"text-align: left\"><span style=\"text-decoration: underline\"><strong>Director de Qualitat<\/strong><\/span><\/p>\n<p style=\"text-align: left\">David Clar Garc\u00eda: <a href=\"mailto:dclar@umh.es\">dclar@umh.es<\/a><\/p>\n<p><span style=\"text-decoration: underline\"><strong>T\u00e8cnics:<\/strong><\/span><\/p>\n<ul>\n<li>Abel Navarro Arcas: <a href=\"mailto:abel.navarro@umh.es\">abel.navarro@umh.es<\/a><\/li>\n<li>H\u00e9ctor Campello Vicente: <a href=\"mailto:hcampello@umh.es\">hcampello@umh.es<\/a><\/li>\n<li>Eugenio S\u00e1nchez Gonzalvez: <a href=\"mailto:eugenio.sanchez@umh.es\">eugenio.sanchez@umh.es<\/a><\/li>\n<li>Miguel Fabra Rodriguez: <a href=\"mailto:mfabra@umh.es\">mfabra@umh.es <\/a><\/li>\n<\/ul>\n<p><\/p>","protected":false},"excerpt":{"rendered":"<p>LOCALITZACI\u00d3<br \/>\n&nbsp;<\/p>\n<p>Departament d&#8217;Enginyeria Mec\u00e0nica i Energia. \u00c0rea d&#8217;Enginyeria Mec\u00e0nica<br \/>\nAvda. de la Universidad, s\/n. Elx 03202 (Alicante)<br \/>\nOficines: Edifici Innova<br \/>\nLaboratori d&#8217;Assajos: Edifici Torreblanca<br \/>\n&nbsp;<br \/>\nCONTACTE<br \/>\n&nbsp;<br \/>\nTel\u00e8fon: +34 96 522 24 94 \/ +34 96 522 21 90<br \/>\nEmail: lab.vehiculos@umh.es<br \/>\n&nbsp;<br \/>\nDIRECTORI<br \/>\n&nbsp;<br \/>\nRecepci\u00f3 i Administraci\u00f3<br \/>\nAlicia Menargues S\u00e1nchez: alicia.menargues@umh.es<br \/>\nDirector del Laboratori i Director T\u00e8cnic Secci\u00f3 Vehicles Hist\u00f2rics<br \/>\nEmilio Velasco S\u00e1nchez:\u00a0emilio.velasco@umh.es<br \/>\nDirector T\u00e8cnic Secci\u00f3 Assage de Pneum\u00e0tics<br \/>\nOscar Cuadrado Sempere: ocuadrado@umh.es<br \/>\nDirector [&#8230;]<\/p>\n","protected":false},"author":1507,"featured_media":0,"parent":0,"menu_order":5,"comment_status":"closed","ping_status":"closed","template":"","meta":{"_links_to":"","_links_to_target":""},"_links":{"self":[{"href":"https:\/\/labvehiculos.umh.es\/ca\/wp-json\/wp\/v2\/pages\/28"}],"collection":[{"href":"https:\/\/labvehiculos.umh.es\/ca\/wp-json\/wp\/v2\/pages"}],"about":[{"href":"https:\/\/labvehiculos.umh.es\/ca\/wp-json\/wp\/v2\/types\/page"}],"author":[{"embeddable":true,"href":"https:\/\/labvehiculos.umh.es\/ca\/wp-json\/wp\/v2\/users\/1507"}],"replies":[{"embeddable":true,"href":"https:\/\/labvehiculos.umh.es\/ca\/wp-json\/wp\/v2\/comments?post=28"}],"version-history":[{"count":0,"href":"https:\/\/labvehiculos.umh.es\/ca\/wp-json\/wp\/v2\/pages\/28\/revisions"}],"wp:attachment":[{"href":"https:\/\/labvehiculos.umh.es\/ca\/wp-json\/wp\/v2\/media?parent=28"}],"curies":[{"name":"wp","href":"https:\/\/api.w.org\/{rel}","templated":true}]}}