{"id":22,"date":"2013-11-06T11:45:48","date_gmt":"2013-11-06T10:45:48","guid":{"rendered":"http:\/\/labvehiculos.umh.es\/?page_id=22"},"modified":"2025-07-16T16:32:33","modified_gmt":"2025-07-16T14:32:33","slug":"neumaticos","status":"publish","type":"page","link":"https:\/\/labvehiculos.umh.es\/ca\/neumaticos\/","title":{"rendered":"Assaig de pneum\u00e0tics"},"content":{"rendered":"<p><a href=\"https:\/\/labvehiculos.umh.es\/files\/2013\/11\/E9B9597.jpeg\"><img loading=\"lazy\" class=\"size-medium wp-image-101 alignright\" src=\"https:\/\/labvehiculos.umh.es\/files\/2013\/11\/E9B9597-300x200.jpeg\" alt=\"neumatico\" width=\"300\" height=\"200\" srcset=\"https:\/\/labvehiculos.umh.es\/files\/2013\/11\/E9B9597-300x200.jpeg 300w, https:\/\/labvehiculos.umh.es\/files\/2013\/11\/E9B9597.jpeg 624w\" sizes=\"(max-width: 300px) 100vw, 300px\" \/><\/a>El Laboratori de Vehicles compta amb acreditaci\u00f3 ENAC segons norma ISO 17025 per a la realitzaci\u00f3 dels assajos inclosos en els Reglaments CEPE\/ONU 30, 54, 108 i 109, i la Directiva 92\/23\/CE.<br \/>\nD&#8217;altra banda, el Laboratori compta amb metodologies pr\u00f2pies per a la realitzaci\u00f3 de proves de resist\u00e8ncia al rodament i de soroll de rodament en banc d&#8217;assajos.<\/p>","protected":false},"excerpt":{"rendered":"<p>El Laboratori de Vehicles compta amb acreditaci\u00f3 ENAC segons norma ISO 17025 per a la realitzaci\u00f3 dels assajos inclosos en els Reglaments CEPE\/ONU 30, 54, 108 i 109, i la Directiva 92\/23\/CE.<br \/>\nD&#8217;altra banda, el Laboratori compta amb metodologies pr\u00f2pies per a la realitzaci\u00f3 de proves de resist\u00e8ncia al rodament i de soroll de rodament en [&#8230;]<\/p>\n","protected":false},"author":1507,"featured_media":0,"parent":0,"menu_order":2,"comment_status":"closed","ping_status":"closed","template":"","meta":{"_links_to":"","_links_to_target":""},"_links":{"self":[{"href":"https:\/\/labvehiculos.umh.es\/ca\/wp-json\/wp\/v2\/pages\/22"}],"collection":[{"href":"https:\/\/labvehiculos.umh.es\/ca\/wp-json\/wp\/v2\/pages"}],"about":[{"href":"https:\/\/labvehiculos.umh.es\/ca\/wp-json\/wp\/v2\/types\/page"}],"author":[{"embeddable":true,"href":"https:\/\/labvehiculos.umh.es\/ca\/wp-json\/wp\/v2\/users\/1507"}],"replies":[{"embeddable":true,"href":"https:\/\/labvehiculos.umh.es\/ca\/wp-json\/wp\/v2\/comments?post=22"}],"version-history":[{"count":0,"href":"https:\/\/labvehiculos.umh.es\/ca\/wp-json\/wp\/v2\/pages\/22\/revisions"}],"wp:attachment":[{"href":"https:\/\/labvehiculos.umh.es\/ca\/wp-json\/wp\/v2\/media?parent=22"}],"curies":[{"name":"wp","href":"https:\/\/api.w.org\/{rel}","templated":true}]}}