{"id":21,"date":"2013-11-06T11:43:46","date_gmt":"2013-11-06T10:43:46","guid":{"rendered":"http:\/\/labvehiculos.umh.es\/?page_id=21"},"modified":"2025-09-22T13:01:00","modified_gmt":"2025-09-22T11:01:00","slug":"historicos","status":"publish","type":"page","link":"https:\/\/labvehiculos.umh.es\/ca\/historicos\/","title":{"rendered":"Vehicles hist\u00f2rics"},"content":{"rendered":"<p>La classificaci\u00f3 de vehicles hist\u00f2rics t\u00e9 l&#8217;objectiu de protegir i tutelar els autom\u00f2bils d&#8217;inter\u00e9s hist\u00f2ric, \u00e9s a dir, el nostre patrimoni de vehicles cl\u00e0ssics. A m\u00e9s, permet adequar les condicions de circulaci\u00f3 d&#8217;estos vehicles a la situaci\u00f3 actual.<\/p>\n<p><strong>\u00bfQUINS VEHICLES ES PODEN MATRICULAR O CATALOGAR COM A HIST\u00d2RICS?<\/strong><\/p>\n<p>Es poden matricular com a hist\u00f2rics tot tipus de vehicles: turismes, furgonetes, camions, autobusos, motocicletes, ciclomotors, autocaravanes, caravanes, remolcs, tractors i vehicles agr\u00edcoles, vehicles especials i tot vehicle que estiga, haja estat matriculat o podria haver-ho estat en algun moment. Fins i tot els remolcs lleugers que no porten matr\u00edcula.<\/p>\n<p style=\"text-align: center\"><a href=\"https:\/\/labvehiculos.umh.es\/files\/2013\/11\/7.jpg\"><img loading=\"lazy\" class=\"alignnone size-medium wp-image-109\" src=\"https:\/\/labvehiculos.umh.es\/files\/2013\/11\/7-300x196.jpg\" alt=\"7\" width=\"233\" height=\"153\" srcset=\"https:\/\/labvehiculos.umh.es\/files\/2013\/11\/7-300x196.jpg 300w, https:\/\/labvehiculos.umh.es\/files\/2013\/11\/7.jpg 1019w\" sizes=\"(max-width: 233px) 100vw, 233px\" \/><\/a>\u00a0\u00a0<a href=\"https:\/\/labvehiculos.umh.es\/files\/2013\/11\/6.jpg\"><img loading=\"lazy\" class=\"alignnone wp-image-108\" src=\"https:\/\/labvehiculos.umh.es\/files\/2013\/11\/6-300x161.jpg\" alt=\"6\" width=\"280\" height=\"151\" srcset=\"https:\/\/labvehiculos.umh.es\/files\/2013\/11\/6-300x161.jpg 300w, https:\/\/labvehiculos.umh.es\/files\/2013\/11\/6.jpg 1020w\" sizes=\"(max-width: 280px) 100vw, 280px\" \/><\/a>\u00a0\u00a0<a href=\"https:\/\/labvehiculos.umh.es\/files\/2013\/11\/8.jpg\"><img loading=\"lazy\" class=\"alignnone wp-image-110\" src=\"https:\/\/labvehiculos.umh.es\/files\/2013\/11\/8-300x213.jpg\" alt=\"8\" width=\"213\" height=\"151\" srcset=\"https:\/\/labvehiculos.umh.es\/files\/2013\/11\/8-300x213.jpg 300w, https:\/\/labvehiculos.umh.es\/files\/2013\/11\/8.jpg 910w\" sizes=\"(max-width: 213px) 100vw, 213px\" \/><\/a><a href=\"https:\/\/labvehiculos.umh.es\/files\/2013\/11\/2.jpg\"> \u00a0<\/a><\/p>\n<p style=\"text-align: center\"><a href=\"https:\/\/labvehiculos.umh.es\/files\/2023\/04\/Camion.png\"><img loading=\"lazy\" class=\"alignnone wp-image-184\" src=\"https:\/\/labvehiculos.umh.es\/files\/2023\/04\/Camion.png\" alt=\"\" width=\"237\" height=\"216\" srcset=\"https:\/\/labvehiculos.umh.es\/files\/2023\/04\/Camion.png 327w, https:\/\/labvehiculos.umh.es\/files\/2023\/04\/Camion-300x273.png 300w\" sizes=\"(max-width: 237px) 100vw, 237px\" \/><\/a><a href=\"https:\/\/labvehiculos.umh.es\/files\/2013\/11\/3.jpg\"> \u00a0<\/a><a href=\"https:\/\/labvehiculos.umh.es\/files\/2013\/11\/4.jpg\"><img loading=\"lazy\" class=\"alignnone wp-image-106\" src=\"https:\/\/labvehiculos.umh.es\/files\/2013\/11\/4-300x194.jpg\" alt=\"4\" width=\"345\" height=\"224\" srcset=\"https:\/\/labvehiculos.umh.es\/files\/2013\/11\/4-300x194.jpg 300w, https:\/\/labvehiculos.umh.es\/files\/2013\/11\/4.jpg 1018w\" sizes=\"(max-width: 345px) 100vw, 345px\" \/><\/a><a href=\"https:\/\/labvehiculos.umh.es\/files\/2013\/11\/3.jpg\"> \u00a0<\/a><a href=\"https:\/\/labvehiculos.umh.es\/files\/2015\/01\/9.jpg\"><img loading=\"lazy\" class=\"alignnone wp-image-121\" src=\"https:\/\/labvehiculos.umh.es\/files\/2015\/01\/9-300x221.jpg\" alt=\"9\" width=\"300\" height=\"221\" srcset=\"https:\/\/labvehiculos.umh.es\/files\/2015\/01\/9-300x221.jpg 300w, https:\/\/labvehiculos.umh.es\/files\/2015\/01\/9.jpg 906w\" sizes=\"(max-width: 300px) 100vw, 300px\" \/><\/a><a href=\"https:\/\/labvehiculos.umh.es\/files\/2013\/11\/3.jpg\"><img loading=\"lazy\" class=\"alignnone size-medium wp-image-105\" src=\"https:\/\/labvehiculos.umh.es\/files\/2013\/11\/3-300x90.jpg\" alt=\"3\" width=\"347\" height=\"103\" \/> \u00a0 <\/a><a href=\"https:\/\/labvehiculos.umh.es\/files\/2013\/11\/5.jpg\"><img loading=\"lazy\" class=\"alignnone size-medium wp-image-107\" src=\"https:\/\/labvehiculos.umh.es\/files\/2013\/11\/5-300x101.jpg\" alt=\"5\" width=\"313\" height=\"105\" srcset=\"https:\/\/labvehiculos.umh.es\/files\/2013\/11\/5-300x101.jpg 300w, https:\/\/labvehiculos.umh.es\/files\/2013\/11\/5-1024x347.jpg 1024w, https:\/\/labvehiculos.umh.es\/files\/2013\/11\/5.jpg 1527w\" sizes=\"(max-width: 313px) 100vw, 313px\" \/><\/a><\/p>\n<p style=\"text-align: center\">\u00a0\u00a0\u00a0 \u00a0 <a href=\"https:\/\/labvehiculos.umh.es\/files\/2013\/11\/1.jpg\"><img loading=\"lazy\" class=\"alignnone wp-image-103\" src=\"https:\/\/labvehiculos.umh.es\/files\/2013\/11\/1-300x249.jpg\" alt=\"1\" width=\"194\" height=\"161\" srcset=\"https:\/\/labvehiculos.umh.es\/files\/2013\/11\/1-300x249.jpg 300w, https:\/\/labvehiculos.umh.es\/files\/2013\/11\/1.jpg 779w\" sizes=\"(max-width: 194px) 100vw, 194px\" \/><\/a><a href=\"https:\/\/labvehiculos.umh.es\/files\/2013\/11\/8.jpg\">\u00a0\u00a0<\/a><a href=\"https:\/\/labvehiculos.umh.es\/files\/2013\/11\/2.jpg\"><img loading=\"lazy\" class=\"alignnone wp-image-104\" src=\"https:\/\/labvehiculos.umh.es\/files\/2013\/11\/2-300x261.jpg\" alt=\"2\" width=\"186\" height=\"162\" srcset=\"https:\/\/labvehiculos.umh.es\/files\/2013\/11\/2-300x261.jpg 300w, https:\/\/labvehiculos.umh.es\/files\/2013\/11\/2.jpg 765w\" sizes=\"(max-width: 186px) 100vw, 186px\" \/><\/a><\/p>\n<p><strong>\u00bfQUINS REQUISITS T\u00c8CNICS HA DE COMPLIR UN VEHICLE PER A PODER SER MATRICULAT COM A HIST\u00d2RIC?<\/strong><\/p>\n<p>Segons el Reial decret 892\/2024 pel qual s&#8217;aprova el Reglament de Vehicles Hist\u00f2rics, podran ser classificats hist\u00f2rics els vehicles que complisquen una d&#8217;estes condicions (article 3 del reglament):<\/p>\n<ol>\n<li><strong>Els que reunisquen totes les condicions seg\u00fcents:<\/strong><\/li>\n<\/ol>\n<p style=\"padding-left: 40px\">a) Haver sigut fabricats o matriculats per primera vegada fa trenta anys com a m\u00ednim.<br \/>\nb) Haver deixat de produir-se els seus tipus espec\u00edfics.<br \/>\nc) Estar en el seu estat original, sense haver sigut sotmesos a cap canvi fonamental quant a les seues caracter\u00edstiques t\u00e8cniques o components principals, com el motor, els frens, la direcci\u00f3, la suspensi\u00f3 o la carrosseria (amb excepcions que es determinen en la inspecci\u00f3 del vehicle), i tindre un correcte estat de manteniment i conservaci\u00f3.<\/p>\n<ol start=\"2\">\n<li><strong>Els vehicles inclosos en l&#8217;Inventari General de B\u00e9ns Mobles del Patrimoni Hist\u00f2ric Espanyol<\/strong>, o declarats b\u00e9ns d&#8217;inter\u00e9s cultural i els que revisten un inter\u00e9s especial per haver pertangut a alguna personalitat rellevant o intervingut en algun esdeveniment amb transcend\u00e8ncia hist\u00f2rica i aix\u00ed resultara acreditat documentalment.<\/li>\n<\/ol>\n<p>Si el vehicle t\u00e9 alguna modificaci\u00f3, pregunta&#8217;ns i et direm si \u00e9s viable.<\/p>\n<p><strong>\u00bfQUINS AVANTATGES T\u00c9 LA MATRICULACI\u00d3 COM A VEHICLE HIST\u00d2RIC?<\/strong><\/p>\n<p>Els principals avantatges per als propietaris dels vehicles hist\u00f2rics s\u00f3n:<\/p>\n<ol>\n<li><strong>Per\u00edodes d&#8217;inspecci\u00f3 en ITV m\u00e9s llargs.<\/strong> Depenent del tipus de vehicle i antiguitat els per\u00edodes d&#8217;inspecci\u00f3 en ITV seran els seg\u00fcents:<\/li>\n<\/ol>\n<ul>\n<li style=\"list-style-type: none\">\n<ul>\n<li>MOTOCICLETES: QUADRIENNAL<\/li>\n<li>CICLOMOTORS: EXEMPT<\/li>\n<li>RESTA DE VEHICLES:<\/li>\n<\/ul>\n<\/li>\n<\/ul>\n<table style=\"height: 194px\" width=\"462\">\n<tbody>\n<tr>\n<td colspan=\"2\" width=\"383\">\n<p style=\"text-align: center\"><strong>Periodo de validez de las Inspecciones T\u00e9cnicas:<\/strong><\/p>\n<\/td>\n<\/tr>\n<tr>\n<td width=\"257\">\n<p style=\"text-align: center\">Antiguitat &lt; 40 anys<\/p>\n<\/td>\n<td width=\"126\">\n<p style=\"text-align: center\">BIENNAL<\/p>\n<\/td>\n<\/tr>\n<tr>\n<td width=\"257\">\n<p style=\"text-align: center\">40 anys \u2264 Antiguitat &lt; 45 anys<\/p>\n<\/td>\n<td width=\"126\">\n<p style=\"text-align: center\">TRIENNAL<\/p>\n<\/td>\n<\/tr>\n<tr>\n<td width=\"257\">\n<p style=\"text-align: center\">45 anys \u2264 Antiguitat<\/p>\n<\/td>\n<td width=\"126\">\n<p style=\"text-align: center\">QUADRIENNAL<\/p>\n<\/td>\n<\/tr>\n<tr>\n<td width=\"257\">\n<p style=\"text-align: center\">60 anys \u2264 Antiguitat<\/p>\n<\/td>\n<td width=\"126\">\n<p style=\"text-align: center\">EXEMPT<\/p>\n<\/td>\n<\/tr>\n<\/tbody>\n<\/table>\n<ol start=\"2\">\n<li><strong>Impost de vehicles de l&#8217;ajuntament.<\/strong> Dep\u00e9n de l&#8217;ajuntament, per\u00f2 en la majoria estan exempts del pagament de l&#8217;impost. En tot cas has de consultar-ho.<\/li>\n<li><strong>Possibilitat de circular sense restriccions en la ZBE.<\/strong> Els vehicles matriculats hist\u00f2rics estan exempts de complir les normes anticontaminaci\u00f3 que s&#8217;estan imposant. Poden circular per les Zones de Baixes Emissions que definisquen les ciutats.<\/li>\n<li><strong>Sense limitaci\u00f3 d&#8217;\u00fas, poden circular com qualsevol altre vehicle.<\/strong> Nom\u00e9s en cas que les seues caracter\u00edstiques t\u00e8cniques siguen molt especials (per la seua antiguitat), tindran limitacions. Per exemple, si no tenen cinturons de seguretat davanters es limita la seua velocitat a 80 km\/h.<\/li>\n<li><strong>Exempcions en ITV.<\/strong> Se&#8217;ls reconeixeran exempcions en ITV que per les seues caracter\u00edstiques no hauran de complir. Per exemple, exempci\u00f3 de la prova de gasos i de soroll.<\/li>\n<\/ol>\n<p><strong>RESTRICCIONS GENERALS D&#8217;\u00daS<\/strong><\/p>\n<p>Les \u00faniques restriccions generals d&#8217;\u00fas que apareix en el reglament s\u00f3n:<\/p>\n<ul>\n<li>\u00das ocasional. Limitat el seu \u00fas a 96 dies a l&#8217;any.<\/li>\n<li>Queda prohibida amb car\u00e0cter general la seua utilitzaci\u00f3 per a prestar els seg\u00fcents servicis:<\/li>\n<\/ul>\n<p style=\"padding-left: 40px\">a)\u2003Transport p\u00fablic de viatgers.<\/p>\n<p style=\"padding-left: 40px\">b)\u2003Transport p\u00fablic de mercaderies.<\/p>\n<p style=\"padding-left: 40px\">c)\u2003Activitats agr\u00edcoles o d&#8217;obres i servicis.<\/p>\n<p>No obstant aix\u00f2 el que es disposa en el punt anterior, es permetr\u00e0 l&#8217;\u00fas de vehicles hist\u00f2rics per al transport de persones en vehicles de lloguer amb conductor, per a l&#8217;\u00fas o exposici\u00f3 est\u00e0tica i\/o amb finalitats publicitaris, per a la realitzaci\u00f3 de rodatges i activitats cinematogr\u00e0fiques o audiovisuals, aix\u00ed com per a la realitzaci\u00f3, conforme a la normativa de transport, d&#8217;altres activitats per a les quals per la seua escassa incid\u00e8ncia en el mercat del transport o per les curtes dist\u00e0ncies recorregudes no resultara necess\u00e0ria autoritzaci\u00f3.<\/p>\n<p><strong>PROC\u00c9S DE CLASSIFICACI\u00d3 COM A VEHICLE HIST\u00d2RIC. PASSOS A SEGUIR.<\/strong><\/p>\n<p>El Reglament de Vehicles Hist\u00f2rics distingix diversos processos en funci\u00f3 de la situaci\u00f3 administrativa del vehicle.<\/p>\n<p>Grup A: aquells vehicles que disposen d&#8217;una matr\u00edcula ordin\u00e0ria a Espanya i tinguen la inspecci\u00f3 t\u00e8cnica de vehicles en vigor.<\/p>\n<p>Grup B: la resta de vehicles que no complisquen els requisits grup A anterior. En este grup s&#8217;inclouran tamb\u00e9, aquells vehicles que, fins i tot complint els requisits de grup A, el seu titular desitge obtindre una matr\u00edcula hist\u00f2rica per no correspondre&#8217;s la matr\u00edcula ordin\u00e0ria que tinga assignada el vehicle amb la de la seua data de fabricaci\u00f3 o matriculaci\u00f3.<\/p>\n<p style=\"padding-left: 40px\"><strong>Tr\u00e0mit per a GRUP A:<\/strong><\/p>\n<p style=\"padding-left: 40px\">Sol\u00b7licita el canvi de classificaci\u00f3 a vehicle hist\u00f2ric en DGT.<\/p>\n<p style=\"padding-left: 40px\"><a href=\"https:\/\/sede.dgt.gob.es\/es\/vehiculos\/matriculaciones-de-vehiculos\/vehiculos-historicos\/grupo-a\/\">https:\/\/sede.dgt.gob.es\/es\/vehiculos\/matriculaciones-de-vehiculos\/vehiculos-historicos\/grupo-a\/<\/a><\/p>\n<p style=\"padding-left: 40px\">Si el vehicle t\u00e9 alguna reforma legalitzada, \u00e9s a dir, una anotaci\u00f3 en la seua targeta d&#8217;ITV que indique que t\u00e9 alguna modificaci\u00f3 (pneum\u00e0tics, bola de remolc, *tuning, plaques solars, tendal, llums led,\u2026.. qualsevol anotaci\u00f3), \u00e9s imprescindible adjuntar un certificat que indique que les modificacions s\u00f3n v\u00e0lides. Envia&#8217;ns c\u00f2pia de la documentaci\u00f3 i t&#8217;informarem de la seua viabilitat.<\/p>\n<p style=\"padding-left: 40px\"><strong>Tr\u00e0mit per a GRUP B:<\/strong><\/p>\n<p style=\"padding-left: 40px\">Obtindre l&#8217;Informe del SERVICI T\u00c8CNIC DE VEHICLES HIST\u00d2RICS. Per a aix\u00f2 cal la inspecci\u00f3 i presa de dades per nosaltres, el Laboratori de Vehicles.<br \/>\nPassar inspecci\u00f3 i obtindre nova documentaci\u00f3 de Vehicle Hist\u00f2ric.<br \/>\nMatricular en DGT. En este pas s&#8217;aconseguix el Perm\u00eds de Circulaci\u00f3 i se li assigna nova matr\u00edcula. Si el vehicle t\u00e9 matr\u00edcula espanyola, es pot conservar.<\/p>\n<p style=\"padding-left: 40px\"><strong>Tr\u00e0mit ESPECIAL per a ciclomotors:<\/strong><\/p>\n<p style=\"padding-left: 40px\">Els ciclomotors tenen un tracte especial. Si s\u00f3n de grup B (sense ITV al dia), el proc\u00e9s \u00e9s el mateix descrit en el punt anterior per\u00f2 l&#8217;informe del Servici T\u00e8cnic de Vehicles Hist\u00f2rics es pot fer sense necessitat de realitzar la inspecci\u00f3 i presa de dades per nosaltres.<\/p>\n<p><strong>\u00c0MBIT D&#8217;ACTUACI\u00d3 DEL LABORATORI DE VEHICLES<\/strong><\/p>\n<p>El SERVICI T\u00c8CNIC DE VEHICLES HIST\u00d2RICS de la Universitat Miguel Hern\u00e1ndez est\u00e0 acreditat per *ENAC conforme el Reial decret 892\/2024 pel qual s&#8217;aprova el Reglament de Vehicles Hist\u00f2rics. El nostre \u00e0mbit d&#8217;actuaci\u00f3 \u00e9s tot l&#8217;estat espanyol.<\/p>\n<p><a href=\"https:\/\/www.enac.es\/documents\/7020\/5a2787ae-ad34-4686-aee8-9def5fc8ac6f\">https:\/\/www.enac.es\/documents\/7020\/5a2787ae-ad34-4686-aee8-9def5fc8ac6f<\/a><\/p>\n<p>La nostra funci\u00f3 \u00e9s analitzar la documentaci\u00f3 presentada, inspeccionar els vehicles i realitzar la investigaci\u00f3 que siga necess\u00e0ria en cada cas per a verificar l&#8217;autenticitat del vehicle. Si el resultat \u00e9s positiu, s&#8217;emet un informe sobre la seua autenticitat, caracter\u00edstiques t\u00e8cniques, exempcions i condicions que ha de complir en les inspeccions t\u00e8cniques i possibles limitacions a la seua circulaci\u00f3.<\/p>","protected":false},"excerpt":{"rendered":"<p>La classificaci\u00f3 de vehicles hist\u00f2rics t\u00e9 l&#8217;objectiu de protegir i tutelar els autom\u00f2bils d&#8217;inter\u00e9s hist\u00f2ric, \u00e9s a dir, el nostre patrimoni de vehicles cl\u00e0ssics. A m\u00e9s, permet adequar les condicions de circulaci\u00f3 d&#8217;estos vehicles a la situaci\u00f3 actual.<br \/>\n\u00bfQUINS VEHICLES ES PODEN MATRICULAR O CATALOGAR COM A HIST\u00d2RICS?<br \/>\nEs poden matricular com a hist\u00f2rics tot tipus de [&#8230;]<\/p>\n","protected":false},"author":1507,"featured_media":0,"parent":0,"menu_order":1,"comment_status":"closed","ping_status":"closed","template":"","meta":{"_links_to":"","_links_to_target":""},"_links":{"self":[{"href":"https:\/\/labvehiculos.umh.es\/ca\/wp-json\/wp\/v2\/pages\/21"}],"collection":[{"href":"https:\/\/labvehiculos.umh.es\/ca\/wp-json\/wp\/v2\/pages"}],"about":[{"href":"https:\/\/labvehiculos.umh.es\/ca\/wp-json\/wp\/v2\/types\/page"}],"author":[{"embeddable":true,"href":"https:\/\/labvehiculos.umh.es\/ca\/wp-json\/wp\/v2\/users\/1507"}],"replies":[{"embeddable":true,"href":"https:\/\/labvehiculos.umh.es\/ca\/wp-json\/wp\/v2\/comments?post=21"}],"version-history":[{"count":0,"href":"https:\/\/labvehiculos.umh.es\/ca\/wp-json\/wp\/v2\/pages\/21\/revisions"}],"wp:attachment":[{"href":"https:\/\/labvehiculos.umh.es\/ca\/wp-json\/wp\/v2\/media?parent=21"}],"curies":[{"name":"wp","href":"https:\/\/api.w.org\/{rel}","templated":true}]}}