{"id":181,"date":"2023-04-20T19:15:07","date_gmt":"2023-04-20T17:15:07","guid":{"rendered":"https:\/\/labvehiculos.umh.es\/?page_id=181"},"modified":"2025-09-22T13:06:30","modified_gmt":"2025-09-22T11:06:30","slug":"idi-grupo-de-investigacion","status":"publish","type":"page","link":"https:\/\/labvehiculos.umh.es\/ca\/idi-grupo-de-investigacion\/","title":{"rendered":"<span lang=\"es\">(Espa\u00f1ol) I+D+i (Grupo de Investigaci\u00f3n)<\/span>"},"content":{"rendered":"<p>Actualment el grup d&#8217;investigaci\u00f3 s&#8217;ha ha transferit a Institut d&#8217;Investigaci\u00f3 en Enginyeria d&#8217;Elx (I3E) i podr\u00e0s trobar els seus servicis en el seu web:<\/p>\n<p style=\"text-align: center\"><a href=\"https:\/\/i3e.umh.es\/investigacion\/unidades-investigacion\/unidad-de-energia-y-mecanica\/\">https:\/\/i3e.umh.es\/investigacion\/unidades-investigacion\/unidad-de-energia-y-mecanica<\/a>.<\/p>\n<p><\/p>","protected":false},"excerpt":{"rendered":"<p>Actualment el grup d&#8217;investigaci\u00f3 s&#8217;ha ha transferit a Institut d&#8217;Investigaci\u00f3 en Enginyeria d&#8217;Elx (I3E) i podr\u00e0s trobar els seus servicis en el seu web:<br \/>\nhttps:\/\/i3e.umh.es\/investigacion\/unidades-investigacion\/unidad-de-energia-y-mecanica.<\/p>\n","protected":false},"author":1507,"featured_media":0,"parent":0,"menu_order":3,"comment_status":"closed","ping_status":"closed","template":"","meta":{"_links_to":"","_links_to_target":""},"_links":{"self":[{"href":"https:\/\/labvehiculos.umh.es\/ca\/wp-json\/wp\/v2\/pages\/181"}],"collection":[{"href":"https:\/\/labvehiculos.umh.es\/ca\/wp-json\/wp\/v2\/pages"}],"about":[{"href":"https:\/\/labvehiculos.umh.es\/ca\/wp-json\/wp\/v2\/types\/page"}],"author":[{"embeddable":true,"href":"https:\/\/labvehiculos.umh.es\/ca\/wp-json\/wp\/v2\/users\/1507"}],"replies":[{"embeddable":true,"href":"https:\/\/labvehiculos.umh.es\/ca\/wp-json\/wp\/v2\/comments?post=181"}],"version-history":[{"count":0,"href":"https:\/\/labvehiculos.umh.es\/ca\/wp-json\/wp\/v2\/pages\/181\/revisions"}],"wp:attachment":[{"href":"https:\/\/labvehiculos.umh.es\/ca\/wp-json\/wp\/v2\/media?parent=181"}],"curies":[{"name":"wp","href":"https:\/\/api.w.org\/{rel}","templated":true}]}}